{"id":7,"date":"2022-07-17T14:48:48","date_gmt":"2022-07-17T14:48:48","guid":{"rendered":"https:\/\/hogar-salud.com.ar\/?page_id=7"},"modified":"2022-07-17T15:08:17","modified_gmt":"2022-07-17T15:08:17","slug":"acerca-de","status":"publish","type":"page","link":"https:\/\/hogar-salud.com.ar\/?page_id=7","title":{"rendered":"\u00bfQu\u00e9 es la Internaci\u00f3n Domiciliaria?"},"content":{"rendered":"\n<p>La&nbsp;<strong>internaci\u00f3n domiciliaria<\/strong>&nbsp;es un \u00e1rea espec\u00edfica dentro del amplio campo de la salud que ha visto un importante crecimiento en las \u00faltimas d\u00e9cadas, surgiendo como&nbsp;<strong>una opci\u00f3n<\/strong>&nbsp;en muchos casos&nbsp;<strong>superadora al momento de brindar servicios de salud<\/strong>.<\/p>\n\n\n\n<p>A trav\u00e9s de un amplio y heterog\u00e9neo conjunto de prestaciones la&nbsp;<strong>internaci\u00f3n domiciliaria<\/strong>&nbsp;en muchos casos surge como una estrategia capaz de brindar soluciones en salud para pacientes de cualquier edad, recibiendo servicios, tratamiento y consultas en la calidez de su propio hogar.<\/p>\n\n\n\n<p>Una de las caracter\u00edsticas de esta modalidad de atenci\u00f3n es la&nbsp;<strong>capacidad de adaptarse a las necesidades de cada paciente y cada familia<\/strong>, capaz de brindar desde servicios de alta complejidad con atenci\u00f3n y aparatolog\u00eda las 24 hs. a una atenci\u00f3n de baja complejidad seg\u00fan cada situaci\u00f3n.<\/p>\n\n\n\n<p>La&nbsp;<strong>internaci\u00f3n domiciliaria<\/strong>&nbsp;es, en definitiva, la estrategia de gesti\u00f3n en salud capaz de llevar los servicios y la atenci\u00f3n a la casa de cada persona que lo necesita.<\/p>\n","protected":false},"excerpt":{"rendered":"<p>La&nbsp;internaci\u00f3n domiciliaria&nbsp;es un \u00e1rea espec\u00edfica dentro del amplio campo de la salud que ha visto un importante crecimiento en las \u00faltimas d\u00e9cadas, surgiendo como&nbsp;una opci\u00f3n&nbsp;en muchos casos&nbsp;superadora al momento de brindar servicios de salud. A trav\u00e9s de un amplio y heterog\u00e9neo conjunto de prestaciones la&nbsp;internaci\u00f3n domiciliaria&nbsp;en muchos casos surge como una estrategia capaz de brindar [&hellip;]<\/p>\n","protected":false},"author":1,"featured_media":0,"parent":0,"menu_order":0,"comment_status":"closed","ping_status":"closed","template":"","meta":{"om_disable_all_campaigns":false,"_monsterinsights_skip_tracking":false,"_monsterinsights_sitenote_active":false,"_monsterinsights_sitenote_note":"","_monsterinsights_sitenote_category":0},"_links":{"self":[{"href":"https:\/\/hogar-salud.com.ar\/index.php?rest_route=\/wp\/v2\/pages\/7"}],"collection":[{"href":"https:\/\/hogar-salud.com.ar\/index.php?rest_route=\/wp\/v2\/pages"}],"about":[{"href":"https:\/\/hogar-salud.com.ar\/index.php?rest_route=\/wp\/v2\/types\/page"}],"author":[{"embeddable":true,"href":"https:\/\/hogar-salud.com.ar\/index.php?rest_route=\/wp\/v2\/users\/1"}],"replies":[{"embeddable":true,"href":"https:\/\/hogar-salud.com.ar\/index.php?rest_route=%2Fwp%2Fv2%2Fcomments&post=7"}],"version-history":[{"count":4,"href":"https:\/\/hogar-salud.com.ar\/index.php?rest_route=\/wp\/v2\/pages\/7\/revisions"}],"predecessor-version":[{"id":39,"href":"https:\/\/hogar-salud.com.ar\/index.php?rest_route=\/wp\/v2\/pages\/7\/revisions\/39"}],"wp:attachment":[{"href":"https:\/\/hogar-salud.com.ar\/index.php?rest_route=%2Fwp%2Fv2%2Fmedia&parent=7"}],"curies":[{"name":"wp","href":"https:\/\/api.w.org\/{rel}","templated":true}]}}